{"id":9372,"date":"2022-01-09T01:31:34","date_gmt":"2022-01-09T06:31:34","guid":{"rendered":"https:\/\/dev.teleworkapp.com\/?page_id=9372"},"modified":"2025-06-01T12:51:23","modified_gmt":"2025-06-01T17:51:23","slug":"become-a-host","status":"publish","type":"page","link":"https:\/\/teleworkapp.com\/fr\/become-a-host\/","title":{"rendered":"Devenir un h\u00f4te sur Telework"},"content":{"rendered":"","protected":false},"excerpt":{"rendered":"","protected":false},"author":62,"featured_media":0,"parent":0,"menu_order":0,"comment_status":"closed","ping_status":"closed","template":"","meta":{"_seopress_robots_primary_cat":"","_seopress_titles_title":"","_seopress_titles_desc":"","_seopress_robots_index":"","_seopress_analysis_target_kw":"","om_disable_all_campaigns":false,"_monsterinsights_skip_tracking":false,"_monsterinsights_sitenote_active":false,"_monsterinsights_sitenote_note":"","_monsterinsights_sitenote_category":0,"footnotes":""},"class_list":["post-9372","page","type-page","status-publish","hentry"],"yoast_head":"<!-- This site is optimized with the Yoast SEO plugin v27.5 - https:\/\/yoast.com\/product\/yoast-seo-wordpress\/ -->\n<title>Devenir un h\u00f4te sur Telework<\/title>\n<meta name=\"description\" content=\"Louez votre espace de travail avec Telework et commencez \u00e0 g\u00e9n\u00e9rer un revenu suppl\u00e9mentaire tout en offrant \u00e0 un t\u00e9l\u00e9travailleur un endroit qui comblera ses besoins. Nous appelons cela une situation gagnant-gagnant.\" \/>\n<meta name=\"robots\" content=\"index, follow, max-snippet:-1, max-image-preview:large, max-video-preview:-1\" \/>\n<link rel=\"canonical\" href=\"https:\/\/teleworkapp.com\/fr\/become-a-host\/\" \/>\n<meta property=\"og:locale\" content=\"fr_FR\" \/>\n<meta property=\"og:type\" content=\"article\" \/>\n<meta property=\"og:title\" content=\"Devenir un h\u00f4te sur Telework\" \/>\n<meta property=\"og:description\" content=\"Louez votre espace de travail avec Telework et commencez \u00e0 g\u00e9n\u00e9rer un revenu suppl\u00e9mentaire tout en offrant \u00e0 un t\u00e9l\u00e9travailleur un endroit qui comblera ses besoins. Nous appelons cela une situation gagnant-gagnant.\" \/>\n<meta property=\"og:url\" content=\"https:\/\/teleworkapp.com\/fr\/become-a-host\/\" \/>\n<meta property=\"og:site_name\" content=\"Telework\" \/>\n<meta property=\"article:modified_time\" content=\"2025-06-01T17:51:23+00:00\" \/>\n<meta property=\"og:image\" content=\"https:\/\/teleworkapp.com\/wp-content\/uploads\/2022\/02\/become-a-host-1-1086x1050.jpg\" \/>\n<meta name=\"twitter:card\" content=\"summary_large_image\" \/>\n<script type=\"application\/ld+json\" class=\"yoast-schema-graph\">{\"@context\":\"https:\\\/\\\/schema.org\",\"@graph\":[{\"@type\":\"WebPage\",\"@id\":\"https:\\\/\\\/teleworkapp.com\\\/fr\\\/become-a-host\\\/\",\"url\":\"https:\\\/\\\/teleworkapp.com\\\/fr\\\/become-a-host\\\/\",\"name\":\"Devenir un h\u00f4te sur Telework\",\"isPartOf\":{\"@id\":\"https:\\\/\\\/teleworkapp.com\\\/fr\\\/#website\"},\"primaryImageOfPage\":{\"@id\":\"https:\\\/\\\/teleworkapp.com\\\/fr\\\/become-a-host\\\/#primaryimage\"},\"image\":{\"@id\":\"https:\\\/\\\/teleworkapp.com\\\/become-a-host\\\/#primaryimage\"},\"thumbnailUrl\":\"https:\\\/\\\/teleworkapp.com\\\/wp-content\\\/uploads\\\/2022\\\/02\\\/become-a-host-1-1086x1050.jpg\",\"datePublished\":\"2022-01-09T06:31:34+00:00\",\"dateModified\":\"2025-06-01T17:51:23+00:00\",\"description\":\"Louez votre espace de travail avec Telework et commencez \u00e0 g\u00e9n\u00e9rer un revenu suppl\u00e9mentaire tout en offrant \u00e0 un t\u00e9l\u00e9travailleur un endroit qui comblera ses besoins. Nous appelons cela une situation gagnant-gagnant.\",\"breadcrumb\":{\"@id\":\"https:\\\/\\\/teleworkapp.com\\\/fr\\\/become-a-host\\\/#breadcrumb\"},\"inLanguage\":\"fr-FR\",\"potentialAction\":[{\"@type\":\"ReadAction\",\"target\":[[\"https:\\\/\\\/teleworkapp.com\\\/fr\\\/become-a-host\\\/\"]]}]},{\"@type\":\"ImageObject\",\"inLanguage\":\"fr-FR\",\"@id\":\"https:\\\/\\\/teleworkapp.com\\\/fr\\\/become-a-host\\\/#primaryimage\",\"url\":\"https:\\\/\\\/teleworkapp.com\\\/wp-content\\\/uploads\\\/2022\\\/02\\\/become-a-host-1-1086x1050.jpg\",\"contentUrl\":\"https:\\\/\\\/teleworkapp.com\\\/wp-content\\\/uploads\\\/2022\\\/02\\\/become-a-host-1-1086x1050.jpg\"},{\"@type\":\"BreadcrumbList\",\"@id\":\"https:\\\/\\\/teleworkapp.com\\\/fr\\\/become-a-host\\\/#breadcrumb\",\"itemListElement\":[{\"@type\":\"ListItem\",\"position\":1,\"name\":\"Home\",\"item\":\"https:\\\/\\\/teleworkapp.com\\\/fr\\\/\"},{\"@type\":\"ListItem\",\"position\":2,\"name\":\"Become a Host on Telework\"}]},{\"@type\":\"WebSite\",\"@id\":\"https:\\\/\\\/teleworkapp.com\\\/fr\\\/#website\",\"url\":\"https:\\\/\\\/teleworkapp.com\\\/fr\\\/\",\"name\":\"Telework\",\"description\":\"Workspaces near you\",\"potentialAction\":[{\"@type\":\"SearchAction\",\"target\":{\"@type\":\"EntryPoint\",\"urlTemplate\":\"https:\\\/\\\/teleworkapp.com\\\/fr\\\/?s={search_term_string}\"},\"query-input\":{\"@type\":\"PropertyValueSpecification\",\"valueRequired\":true,\"valueName\":\"search_term_string\"}}],\"inLanguage\":\"fr-FR\"}]}<\/script>\n<!-- \/ Yoast SEO plugin. -->","yoast_head_json":{"title":"Devenir un h\u00f4te sur Telework","description":"Louez votre espace de travail avec Telework et commencez \u00e0 g\u00e9n\u00e9rer un revenu suppl\u00e9mentaire tout en offrant \u00e0 un t\u00e9l\u00e9travailleur un endroit qui comblera ses besoins. Nous appelons cela une situation gagnant-gagnant.","robots":{"index":"index","follow":"follow","max-snippet":"max-snippet:-1","max-image-preview":"max-image-preview:large","max-video-preview":"max-video-preview:-1"},"canonical":"https:\/\/teleworkapp.com\/fr\/become-a-host\/","og_locale":"fr_FR","og_type":"article","og_title":"Devenir un h\u00f4te sur Telework","og_description":"Louez votre espace de travail avec Telework et commencez \u00e0 g\u00e9n\u00e9rer un revenu suppl\u00e9mentaire tout en offrant \u00e0 un t\u00e9l\u00e9travailleur un endroit qui comblera ses besoins. Nous appelons cela une situation gagnant-gagnant.","og_url":"https:\/\/teleworkapp.com\/fr\/become-a-host\/","og_site_name":"Telework","article_modified_time":"2025-06-01T17:51:23+00:00","og_image":[{"url":"https:\/\/teleworkapp.com\/wp-content\/uploads\/2022\/02\/become-a-host-1-1086x1050.jpg","type":"","width":"","height":""}],"twitter_card":"summary_large_image","schema":{"@context":"https:\/\/schema.org","@graph":[{"@type":"WebPage","@id":"https:\/\/teleworkapp.com\/fr\/become-a-host\/","url":"https:\/\/teleworkapp.com\/fr\/become-a-host\/","name":"Devenir un h\u00f4te sur Telework","isPartOf":{"@id":"https:\/\/teleworkapp.com\/fr\/#website"},"primaryImageOfPage":{"@id":"https:\/\/teleworkapp.com\/fr\/become-a-host\/#primaryimage"},"image":{"@id":"https:\/\/teleworkapp.com\/become-a-host\/#primaryimage"},"thumbnailUrl":"https:\/\/teleworkapp.com\/wp-content\/uploads\/2022\/02\/become-a-host-1-1086x1050.jpg","datePublished":"2022-01-09T06:31:34+00:00","dateModified":"2025-06-01T17:51:23+00:00","description":"Louez votre espace de travail avec Telework et commencez \u00e0 g\u00e9n\u00e9rer un revenu suppl\u00e9mentaire tout en offrant \u00e0 un t\u00e9l\u00e9travailleur un endroit qui comblera ses besoins. Nous appelons cela une situation gagnant-gagnant.","breadcrumb":{"@id":"https:\/\/teleworkapp.com\/fr\/become-a-host\/#breadcrumb"},"inLanguage":"fr-FR","potentialAction":[{"@type":"ReadAction","target":[["https:\/\/teleworkapp.com\/fr\/become-a-host\/"]]}]},{"@type":"ImageObject","inLanguage":"fr-FR","@id":"https:\/\/teleworkapp.com\/fr\/become-a-host\/#primaryimage","url":"https:\/\/teleworkapp.com\/wp-content\/uploads\/2022\/02\/become-a-host-1-1086x1050.jpg","contentUrl":"https:\/\/teleworkapp.com\/wp-content\/uploads\/2022\/02\/become-a-host-1-1086x1050.jpg"},{"@type":"BreadcrumbList","@id":"https:\/\/teleworkapp.com\/fr\/become-a-host\/#breadcrumb","itemListElement":[{"@type":"ListItem","position":1,"name":"Home","item":"https:\/\/teleworkapp.com\/fr\/"},{"@type":"ListItem","position":2,"name":"Become a Host on Telework"}]},{"@type":"WebSite","@id":"https:\/\/teleworkapp.com\/fr\/#website","url":"https:\/\/teleworkapp.com\/fr\/","name":"Telework","description":"Workspaces near you","potentialAction":[{"@type":"SearchAction","target":{"@type":"EntryPoint","urlTemplate":"https:\/\/teleworkapp.com\/fr\/?s={search_term_string}"},"query-input":{"@type":"PropertyValueSpecification","valueRequired":true,"valueName":"search_term_string"}}],"inLanguage":"fr-FR"}]}},"_links":{"self":[{"href":"https:\/\/teleworkapp.com\/fr\/wp-json\/wp\/v2\/pages\/9372","targetHints":{"allow":["GET"]}}],"collection":[{"href":"https:\/\/teleworkapp.com\/fr\/wp-json\/wp\/v2\/pages"}],"about":[{"href":"https:\/\/teleworkapp.com\/fr\/wp-json\/wp\/v2\/types\/page"}],"author":[{"embeddable":true,"href":"https:\/\/teleworkapp.com\/fr\/wp-json\/wp\/v2\/users\/62"}],"replies":[{"embeddable":true,"href":"https:\/\/teleworkapp.com\/fr\/wp-json\/wp\/v2\/comments?post=9372"}],"version-history":[{"count":184,"href":"https:\/\/teleworkapp.com\/fr\/wp-json\/wp\/v2\/pages\/9372\/revisions"}],"predecessor-version":[{"id":13685,"href":"https:\/\/teleworkapp.com\/fr\/wp-json\/wp\/v2\/pages\/9372\/revisions\/13685"}],"wp:attachment":[{"href":"https:\/\/teleworkapp.com\/fr\/wp-json\/wp\/v2\/media?parent=9372"}],"curies":[{"name":"wp","href":"https:\/\/api.w.org\/{rel}","templated":true}]}}