{"id":9037,"date":"2021-12-26T09:59:11","date_gmt":"2021-12-26T14:59:11","guid":{"rendered":"https:\/\/dev.teleworkapp.com\/?page_id=9037"},"modified":"2023-05-23T15:11:32","modified_gmt":"2023-05-23T20:11:32","slug":"frequently-asked-questions","status":"publish","type":"page","link":"https:\/\/teleworkapp.com\/fr\/frequently-asked-questions\/","title":{"rendered":"Foire aux questions"},"content":{"rendered":"","protected":false},"excerpt":{"rendered":"","protected":false},"author":62,"featured_media":0,"parent":0,"menu_order":0,"comment_status":"closed","ping_status":"closed","template":"","meta":{"_seopress_robots_primary_cat":"","_seopress_titles_title":"","_seopress_titles_desc":"","_seopress_robots_index":"","_seopress_analysis_target_kw":"","om_disable_all_campaigns":false,"_monsterinsights_skip_tracking":false,"_monsterinsights_sitenote_active":false,"_monsterinsights_sitenote_note":"","_monsterinsights_sitenote_category":0,"footnotes":""},"class_list":["post-9037","page","type-page","status-publish","hentry"],"yoast_head":"<!-- This site is optimized with the Yoast SEO plugin v27.5 - https:\/\/yoast.com\/product\/yoast-seo-wordpress\/ -->\n<title>Foire aux questions<\/title>\n<meta name=\"description\" content=\"Nous regroupons les r\u00e9ponses aux questions qui nous sont le plus fr\u00e9quemment pos\u00e9es sur notre plateforme. N&#039;h\u00e9sitez pas \u00e0 y jeter un coup d&#039;\u0153il.\" \/>\n<meta name=\"robots\" content=\"index, follow, max-snippet:-1, max-image-preview:large, max-video-preview:-1\" \/>\n<link rel=\"canonical\" href=\"https:\/\/teleworkapp.com\/fr\/frequently-asked-questions\/\" \/>\n<meta property=\"og:locale\" content=\"fr_FR\" \/>\n<meta property=\"og:type\" content=\"article\" \/>\n<meta property=\"og:title\" content=\"Foire aux questions\" \/>\n<meta property=\"og:description\" content=\"Nous regroupons les r\u00e9ponses aux questions qui nous sont le plus fr\u00e9quemment pos\u00e9es sur notre plateforme. N&#039;h\u00e9sitez pas \u00e0 y jeter un coup d&#039;\u0153il.\" \/>\n<meta property=\"og:url\" content=\"https:\/\/teleworkapp.com\/fr\/frequently-asked-questions\/\" \/>\n<meta property=\"og:site_name\" content=\"Telework\" \/>\n<meta property=\"article:modified_time\" content=\"2023-05-23T20:11:32+00:00\" \/>\n<meta property=\"og:image\" content=\"https:\/\/teleworkapp.com\/wp-content\/uploads\/2022\/02\/photo-1601933513556-7926c45d1c49.jpg\" \/>\n<meta name=\"twitter:card\" content=\"summary_large_image\" \/>\n<script type=\"application\/ld+json\" class=\"yoast-schema-graph\">{\"@context\":\"https:\\\/\\\/schema.org\",\"@graph\":[{\"@type\":\"WebPage\",\"@id\":\"https:\\\/\\\/teleworkapp.com\\\/fr\\\/frequently-asked-questions\\\/\",\"url\":\"https:\\\/\\\/teleworkapp.com\\\/fr\\\/frequently-asked-questions\\\/\",\"name\":\"Foire aux questions\",\"isPartOf\":{\"@id\":\"https:\\\/\\\/teleworkapp.com\\\/fr\\\/#website\"},\"primaryImageOfPage\":{\"@id\":\"https:\\\/\\\/teleworkapp.com\\\/fr\\\/frequently-asked-questions\\\/#primaryimage\"},\"image\":{\"@id\":\"https:\\\/\\\/teleworkapp.com\\\/frequently-asked-questions\\\/#primaryimage\"},\"thumbnailUrl\":\"https:\\\/\\\/teleworkapp.com\\\/wp-content\\\/uploads\\\/2022\\\/02\\\/photo-1601933513556-7926c45d1c49.jpg\",\"datePublished\":\"2021-12-26T14:59:11+00:00\",\"dateModified\":\"2023-05-23T20:11:32+00:00\",\"description\":\"Nous regroupons les r\u00e9ponses aux questions qui nous sont le plus fr\u00e9quemment pos\u00e9es sur notre plateforme. N'h\u00e9sitez pas \u00e0 y jeter un coup d'\u0153il.\",\"breadcrumb\":{\"@id\":\"https:\\\/\\\/teleworkapp.com\\\/fr\\\/frequently-asked-questions\\\/#breadcrumb\"},\"inLanguage\":\"fr-FR\",\"potentialAction\":[{\"@type\":\"ReadAction\",\"target\":[[\"https:\\\/\\\/teleworkapp.com\\\/fr\\\/frequently-asked-questions\\\/\"]]}]},{\"@type\":\"ImageObject\",\"inLanguage\":\"fr-FR\",\"@id\":\"https:\\\/\\\/teleworkapp.com\\\/fr\\\/frequently-asked-questions\\\/#primaryimage\",\"url\":\"https:\\\/\\\/teleworkapp.com\\\/wp-content\\\/uploads\\\/2022\\\/02\\\/photo-1601933513556-7926c45d1c49.jpg\",\"contentUrl\":\"https:\\\/\\\/teleworkapp.com\\\/wp-content\\\/uploads\\\/2022\\\/02\\\/photo-1601933513556-7926c45d1c49.jpg\"},{\"@type\":\"BreadcrumbList\",\"@id\":\"https:\\\/\\\/teleworkapp.com\\\/fr\\\/frequently-asked-questions\\\/#breadcrumb\",\"itemListElement\":[{\"@type\":\"ListItem\",\"position\":1,\"name\":\"Home\",\"item\":\"https:\\\/\\\/teleworkapp.com\\\/fr\\\/\"},{\"@type\":\"ListItem\",\"position\":2,\"name\":\"Frequently Asked Questions\"}]},{\"@type\":\"WebSite\",\"@id\":\"https:\\\/\\\/teleworkapp.com\\\/fr\\\/#website\",\"url\":\"https:\\\/\\\/teleworkapp.com\\\/fr\\\/\",\"name\":\"Telework\",\"description\":\"Workspaces near you\",\"potentialAction\":[{\"@type\":\"SearchAction\",\"target\":{\"@type\":\"EntryPoint\",\"urlTemplate\":\"https:\\\/\\\/teleworkapp.com\\\/fr\\\/?s={search_term_string}\"},\"query-input\":{\"@type\":\"PropertyValueSpecification\",\"valueRequired\":true,\"valueName\":\"search_term_string\"}}],\"inLanguage\":\"fr-FR\"}]}<\/script>\n<!-- \/ Yoast SEO plugin. -->","yoast_head_json":{"title":"Foire aux questions","description":"Nous regroupons les r\u00e9ponses aux questions qui nous sont le plus fr\u00e9quemment pos\u00e9es sur notre plateforme. N'h\u00e9sitez pas \u00e0 y jeter un coup d'\u0153il.","robots":{"index":"index","follow":"follow","max-snippet":"max-snippet:-1","max-image-preview":"max-image-preview:large","max-video-preview":"max-video-preview:-1"},"canonical":"https:\/\/teleworkapp.com\/fr\/frequently-asked-questions\/","og_locale":"fr_FR","og_type":"article","og_title":"Foire aux questions","og_description":"Nous regroupons les r\u00e9ponses aux questions qui nous sont le plus fr\u00e9quemment pos\u00e9es sur notre plateforme. N'h\u00e9sitez pas \u00e0 y jeter un coup d'\u0153il.","og_url":"https:\/\/teleworkapp.com\/fr\/frequently-asked-questions\/","og_site_name":"Telework","article_modified_time":"2023-05-23T20:11:32+00:00","og_image":[{"url":"https:\/\/teleworkapp.com\/wp-content\/uploads\/2022\/02\/photo-1601933513556-7926c45d1c49.jpg","type":"","width":"","height":""}],"twitter_card":"summary_large_image","schema":{"@context":"https:\/\/schema.org","@graph":[{"@type":"WebPage","@id":"https:\/\/teleworkapp.com\/fr\/frequently-asked-questions\/","url":"https:\/\/teleworkapp.com\/fr\/frequently-asked-questions\/","name":"Foire aux questions","isPartOf":{"@id":"https:\/\/teleworkapp.com\/fr\/#website"},"primaryImageOfPage":{"@id":"https:\/\/teleworkapp.com\/fr\/frequently-asked-questions\/#primaryimage"},"image":{"@id":"https:\/\/teleworkapp.com\/frequently-asked-questions\/#primaryimage"},"thumbnailUrl":"https:\/\/teleworkapp.com\/wp-content\/uploads\/2022\/02\/photo-1601933513556-7926c45d1c49.jpg","datePublished":"2021-12-26T14:59:11+00:00","dateModified":"2023-05-23T20:11:32+00:00","description":"Nous regroupons les r\u00e9ponses aux questions qui nous sont le plus fr\u00e9quemment pos\u00e9es sur notre plateforme. N'h\u00e9sitez pas \u00e0 y jeter un coup d'\u0153il.","breadcrumb":{"@id":"https:\/\/teleworkapp.com\/fr\/frequently-asked-questions\/#breadcrumb"},"inLanguage":"fr-FR","potentialAction":[{"@type":"ReadAction","target":[["https:\/\/teleworkapp.com\/fr\/frequently-asked-questions\/"]]}]},{"@type":"ImageObject","inLanguage":"fr-FR","@id":"https:\/\/teleworkapp.com\/fr\/frequently-asked-questions\/#primaryimage","url":"https:\/\/teleworkapp.com\/wp-content\/uploads\/2022\/02\/photo-1601933513556-7926c45d1c49.jpg","contentUrl":"https:\/\/teleworkapp.com\/wp-content\/uploads\/2022\/02\/photo-1601933513556-7926c45d1c49.jpg"},{"@type":"BreadcrumbList","@id":"https:\/\/teleworkapp.com\/fr\/frequently-asked-questions\/#breadcrumb","itemListElement":[{"@type":"ListItem","position":1,"name":"Home","item":"https:\/\/teleworkapp.com\/fr\/"},{"@type":"ListItem","position":2,"name":"Frequently Asked Questions"}]},{"@type":"WebSite","@id":"https:\/\/teleworkapp.com\/fr\/#website","url":"https:\/\/teleworkapp.com\/fr\/","name":"Telework","description":"Workspaces near you","potentialAction":[{"@type":"SearchAction","target":{"@type":"EntryPoint","urlTemplate":"https:\/\/teleworkapp.com\/fr\/?s={search_term_string}"},"query-input":{"@type":"PropertyValueSpecification","valueRequired":true,"valueName":"search_term_string"}}],"inLanguage":"fr-FR"}]}},"_links":{"self":[{"href":"https:\/\/teleworkapp.com\/fr\/wp-json\/wp\/v2\/pages\/9037","targetHints":{"allow":["GET"]}}],"collection":[{"href":"https:\/\/teleworkapp.com\/fr\/wp-json\/wp\/v2\/pages"}],"about":[{"href":"https:\/\/teleworkapp.com\/fr\/wp-json\/wp\/v2\/types\/page"}],"author":[{"embeddable":true,"href":"https:\/\/teleworkapp.com\/fr\/wp-json\/wp\/v2\/users\/62"}],"replies":[{"embeddable":true,"href":"https:\/\/teleworkapp.com\/fr\/wp-json\/wp\/v2\/comments?post=9037"}],"version-history":[{"count":52,"href":"https:\/\/teleworkapp.com\/fr\/wp-json\/wp\/v2\/pages\/9037\/revisions"}],"predecessor-version":[{"id":12058,"href":"https:\/\/teleworkapp.com\/fr\/wp-json\/wp\/v2\/pages\/9037\/revisions\/12058"}],"wp:attachment":[{"href":"https:\/\/teleworkapp.com\/fr\/wp-json\/wp\/v2\/media?parent=9037"}],"curies":[{"name":"wp","href":"https:\/\/api.w.org\/{rel}","templated":true}]}}